{"id":19,"date":"2020-10-30T14:14:05","date_gmt":"2020-10-30T14:14:05","guid":{"rendered":"http:\/\/navidadsegura.es\/?page_id=19"},"modified":"2024-10-18T05:37:08","modified_gmt":"2024-10-18T05:37:08","slug":"papa-noel","status":"publish","type":"page","link":"https:\/\/ilusionennavidad.es\/?page_id=19","title":{"rendered":"Pap\u00e1 Noel"},"content":{"rendered":"\n<p><span style=\"color: #ff0000;\"><img loading=\"lazy\" decoding=\"async\" class=\"wp-image-557 alignleft\" src=\"https:\/\/ilusionennavidad.es\/wp-content\/uploads\/2024\/10\/Designer-1.jpeg\" alt=\"\" width=\"527\" height=\"301\" srcset=\"https:\/\/ilusionennavidad.es\/wp-content\/uploads\/2024\/10\/Designer-1.jpeg 1792w, https:\/\/ilusionennavidad.es\/wp-content\/uploads\/2024\/10\/Designer-1-300x171.jpeg 300w, https:\/\/ilusionennavidad.es\/wp-content\/uploads\/2024\/10\/Designer-1-1024x585.jpeg 1024w, https:\/\/ilusionennavidad.es\/wp-content\/uploads\/2024\/10\/Designer-1-768x439.jpeg 768w, https:\/\/ilusionennavidad.es\/wp-content\/uploads\/2024\/10\/Designer-1-1536x878.jpeg 1536w, https:\/\/ilusionennavidad.es\/wp-content\/uploads\/2024\/10\/Designer-1-80x46.jpeg 80w\" sizes=\"auto, (max-width: 527px) 100vw, 527px\" \/>Si quieres contratar la visita de Pap\u00e1 Noel a domicilio y online en estas fiestas navide\u00f1as <strong>\u00a1Cuenta con nosotros!<\/strong><\/span><\/p>\n<p><span style=\"color: #ff0000;\">Con un servicio profesional, hacemos todo tipo de interacciones con los ni\u00f1os y los invitados al lugar en nuestras fiestas infantiles de navidad, ofreciendo sorpresas a donde quiera que vayamos .<\/span><\/p>\n<p><span style=\"color: #ff0000;\">Cuidamos mucho todos los detalles de la visita de Pap\u00e1 Noel. Sabemos lo importante y delicado que es este tipo de servicio, ya que, estamos delante de las ilusiones de las personitas que m\u00e1s queremos, es por eso que no dejamos ning\u00fan detalle para la improvisaci\u00f3n.\u00a0<\/span><\/p>\n<h2><span style=\"color: #ff0000;\">Pap\u00e1 Noel a domicilio<\/span><\/h2>\n<p><img loading=\"lazy\" decoding=\"async\" class=\"wp-image-496  alignleft\" src=\"https:\/\/ilusionennavidad.es\/wp-content\/uploads\/2023\/10\/IMG_20221225_212845-249x300.jpg\" alt=\"\" width=\"282\" height=\"340\" srcset=\"https:\/\/ilusionennavidad.es\/wp-content\/uploads\/2023\/10\/IMG_20221225_212845-249x300.jpg 249w, https:\/\/ilusionennavidad.es\/wp-content\/uploads\/2023\/10\/IMG_20221225_212845-67x80.jpg 67w, https:\/\/ilusionennavidad.es\/wp-content\/uploads\/2023\/10\/IMG_20221225_212845.jpg 685w\" sizes=\"auto, (max-width: 282px) 100vw, 282px\" \/><span style=\"color: #ff0000;\">Llena tu casa de ilusi\u00f3n y alegr\u00eda estas navidades, contrata a Pap\u00e1 Noel a domicilio para que os visite estas navidades, los ni\u00f1os te lo agradecer\u00e1n!!! La interacci\u00f3n de Pap\u00e1 Noel es de lo m\u00e1s divertida.<\/span><\/p>\n<p><span style=\"color: #ff0000;\">Desde que llega pone el ambiente necesario con los ni\u00f1os que siempre lo esperan con la ilusi\u00f3n de poder conocerlo de cerca.<\/span><\/p>\n<p><span style=\"color: #ff0000;\">Pap\u00e1 Noel tiene una actitud c\u00e1lida y es muy paciente para responder a todas sus preguntas que los ni\u00f1os le cuestionan para saber m\u00e1s de la magia de la navidad.<\/span><\/p>\n<p><span style=\"color: #ff0000;\">El objetivo es seguir sembrando en los ni\u00f1os el esp\u00edritu navide\u00f1o, siendo una idea original el poder tener la inolvidable presencia del personaje favorito de la navidad<\/span><\/p>\n<h2><span style=\"color: #ff0000;\">Pap\u00e1 Noel visitas a domicilio<\/span><\/h2>\n<p><span style=\"color: #ff0000;\">Tenemos dos servicios de visitas a domicilio:<\/span><\/p>\n<ul>\n<li><strong><img loading=\"lazy\" decoding=\"async\" class=\"wp-image-492  alignright\" src=\"https:\/\/ilusionennavidad.es\/wp-content\/uploads\/2023\/10\/IMG_20221225_213118-300x200.jpg\" alt=\"\" width=\"368\" height=\"245\" srcset=\"https:\/\/ilusionennavidad.es\/wp-content\/uploads\/2023\/10\/IMG_20221225_213118-300x200.jpg 300w, https:\/\/ilusionennavidad.es\/wp-content\/uploads\/2023\/10\/IMG_20221225_213118-768x512.jpg 768w, https:\/\/ilusionennavidad.es\/wp-content\/uploads\/2023\/10\/IMG_20221225_213118-80x53.jpg 80w, https:\/\/ilusionennavidad.es\/wp-content\/uploads\/2023\/10\/IMG_20221225_213118.jpg 1020w\" sizes=\"auto, (max-width: 368px) 100vw, 368px\" \/><span style=\"color: #ff0000;\">Visita para la recogida de cartas.<\/span><\/strong><\/li>\n<\/ul>\n<p><span style=\"color: #ff0000;\">Unos d\u00edas antes de navidad, Pap\u00e1 Noel puede hacer un hueco en su atareada agenda para visitarte. Adem\u00e1s de recoger e informarse sobre los regalos que desean los m\u00e1s peque\u00f1os que les traiga.\u00a0 Este servicio se realizar\u00e1 entre los d\u00edas <strong>20 y 23 de Diciembre<\/strong>.<\/span><\/p>\n<p>\u00a0<\/p>\n<p><img loading=\"lazy\" decoding=\"async\" class=\" wp-image-501 alignleft\" src=\"https:\/\/ilusionennavidad.es\/wp-content\/uploads\/2023\/10\/IMG_20221225_204023-e1696267197442-255x300.jpg\" alt=\"\" width=\"287\" height=\"338\" srcset=\"https:\/\/ilusionennavidad.es\/wp-content\/uploads\/2023\/10\/IMG_20221225_204023-e1696267197442-255x300.jpg 255w, https:\/\/ilusionennavidad.es\/wp-content\/uploads\/2023\/10\/IMG_20221225_204023-e1696267197442-872x1024.jpg 872w, https:\/\/ilusionennavidad.es\/wp-content\/uploads\/2023\/10\/IMG_20221225_204023-e1696267197442-768x902.jpg 768w, https:\/\/ilusionennavidad.es\/wp-content\/uploads\/2023\/10\/IMG_20221225_204023-e1696267197442-68x80.jpg 68w, https:\/\/ilusionennavidad.es\/wp-content\/uploads\/2023\/10\/IMG_20221225_204023-e1696267197442.jpg 1135w\" sizes=\"auto, (max-width: 287px) 100vw, 287px\" \/><\/p>\n<p>\u00a0<\/p>\n<ul>\n<li><span style=\"color: #ff0000;\"><strong>Visita para la entrega de regalos.<\/strong><\/span><\/li>\n<\/ul>\n<p><span style=\"color: #ff0000;\">Los d\u00edas <strong>24 y 25 de Diciembre<\/strong>, estaremos desde muy temprano entregando los regalos a los m\u00e1s peque\u00f1os,&#8230;<\/span><\/p>\n<p><span style=\"color: #ff0000;\">\u00a1ser\u00e1 un d\u00eda inolvidable!<\/span><\/p>\n<p>\u00a0<\/p>\n<p>\u00a0<\/p>\n<h2><span style=\"color: #ff0000;\">Pap\u00e1 Noel para empresas<\/span><\/h2>\n<p><img loading=\"lazy\" decoding=\"async\" class=\"wp-image-488  alignright\" src=\"https:\/\/ilusionennavidad.es\/wp-content\/uploads\/2023\/10\/IMG_20221225_212918-237x300.jpg\" alt=\"\" width=\"267\" height=\"338\" srcset=\"https:\/\/ilusionennavidad.es\/wp-content\/uploads\/2023\/10\/IMG_20221225_212918-237x300.jpg 237w, https:\/\/ilusionennavidad.es\/wp-content\/uploads\/2023\/10\/IMG_20221225_212918-807x1024.jpg 807w, https:\/\/ilusionennavidad.es\/wp-content\/uploads\/2023\/10\/IMG_20221225_212918-768x974.jpg 768w, https:\/\/ilusionennavidad.es\/wp-content\/uploads\/2023\/10\/IMG_20221225_212918-63x80.jpg 63w, https:\/\/ilusionennavidad.es\/wp-content\/uploads\/2023\/10\/IMG_20221225_212918.jpg 1200w\" sizes=\"auto, (max-width: 267px) 100vw, 267px\" \/><span style=\"color: #ff0000;\">Si lo que quieres es organizar una fiesta para una empresa o instituci\u00f3n, entonces puede contratar para que Pap\u00e1 Noel los visite en ese d\u00eda tan especial<\/span><\/p>\n<p><span style=\"color: #ff0000;\">Teniendo divertidas din\u00e1micas para los hijos y familiares de los empleados, donde pueden pedir directamente con \u00e9l sus juguetes que quieren para navidad o sencillamente saludarlo y tomarse la foto del recuerdo.<\/span><\/p>\n<p><span style=\"color: #ff0000;\">Un detalle que seguramente todos agradecer\u00e1n. Podemos ir a colegios, centros infantiles, ludotecas,&#8230; o cualquier negocio que quiera sorprender a sus clientes en esta Navidad<\/span><\/p>\n<h2><img loading=\"lazy\" decoding=\"async\" class=\"wp-image-253 alignleft\" src=\"https:\/\/ilusionennavidad.es\/wp-content\/uploads\/2021\/11\/hqdefault-300x225.jpg\" alt=\"\" width=\"335\" height=\"251\" srcset=\"https:\/\/ilusionennavidad.es\/wp-content\/uploads\/2021\/11\/hqdefault-300x225.jpg 300w, https:\/\/ilusionennavidad.es\/wp-content\/uploads\/2021\/11\/hqdefault.jpg 480w\" sizes=\"auto, (max-width: 335px) 100vw, 335px\" \/><span style=\"color: #ff0000;\">Papa Noel Video llamada<\/span><\/h2>\n<p><span style=\"color: #ff0000;\">Es otra opci\u00f3n m\u00e1s que te damos y que est\u00e1 teniendo mucha aceptaci\u00f3n.<\/span><\/p>\n<p><span style=\"color: #ff0000;\">Te podemos enviar hacer una video llamada por la plataforma Zoom, en donde Pap\u00e1 Noel\u00a0 interactuar\u00e1 con los ni\u00f1os que se encuentren en el domicilio \u00a1Una experiencia divertida y diferente!<\/span><\/p>\n<p>\u00a0<\/p>\n<p>\u00a0<\/p>\n\n\n\n<figure class=\"wp-block-gallery has-nested-images columns-4 is-cropped has-christmas-sweets-red-background-color has-background wp-block-gallery-2 is-layout-flex wp-block-gallery-is-layout-flex\">\n<figure class=\"wp-block-image size-full\"><img loading=\"lazy\" decoding=\"async\" width=\"960\" height=\"540\" data-id=\"614\" src=\"https:\/\/ilusionennavidad.es\/wp-content\/uploads\/2024\/10\/FB_IMG_1729167117868.jpg\" alt=\"\" class=\"wp-image-614\" srcset=\"https:\/\/ilusionennavidad.es\/wp-content\/uploads\/2024\/10\/FB_IMG_1729167117868.jpg 960w, https:\/\/ilusionennavidad.es\/wp-content\/uploads\/2024\/10\/FB_IMG_1729167117868-300x169.jpg 300w, https:\/\/ilusionennavidad.es\/wp-content\/uploads\/2024\/10\/FB_IMG_1729167117868-768x432.jpg 768w\" sizes=\"auto, (max-width: 960px) 100vw, 960px\" \/><\/figure>\n\n\n\n<figure class=\"wp-block-image size-large\"><img loading=\"lazy\" decoding=\"async\" width=\"768\" height=\"1024\" data-id=\"28\" src=\"https:\/\/ilusionennavidad.es\/wp-content\/uploads\/2020\/10\/317fd536-46e0-4a48-abd0-c425834b7754.jpg\" alt=\"\" class=\"wp-image-28\" srcset=\"https:\/\/ilusionennavidad.es\/wp-content\/uploads\/2020\/10\/317fd536-46e0-4a48-abd0-c425834b7754.jpg 768w, https:\/\/ilusionennavidad.es\/wp-content\/uploads\/2020\/10\/317fd536-46e0-4a48-abd0-c425834b7754-225x300.jpg 225w\" sizes=\"auto, (max-width: 768px) 100vw, 768px\" \/><\/figure>\n\n\n\n<figure class=\"wp-block-image size-large\"><img loading=\"lazy\" decoding=\"async\" width=\"640\" height=\"640\" data-id=\"31\" src=\"https:\/\/ilusionennavidad.es\/wp-content\/uploads\/2020\/10\/418a742c-03da-4de6-b536-896c838de1af-e1604066280586.jpg\" alt=\"\" class=\"wp-image-31\" srcset=\"https:\/\/ilusionennavidad.es\/wp-content\/uploads\/2020\/10\/418a742c-03da-4de6-b536-896c838de1af-e1604066280586.jpg 640w, https:\/\/ilusionennavidad.es\/wp-content\/uploads\/2020\/10\/418a742c-03da-4de6-b536-896c838de1af-e1604066280586-300x300.jpg 300w, https:\/\/ilusionennavidad.es\/wp-content\/uploads\/2020\/10\/418a742c-03da-4de6-b536-896c838de1af-e1604066280586-150x150.jpg 150w, https:\/\/ilusionennavidad.es\/wp-content\/uploads\/2020\/10\/418a742c-03da-4de6-b536-896c838de1af-e1604066280586-75x75.jpg 75w\" sizes=\"auto, (max-width: 640px) 100vw, 640px\" \/><\/figure>\n\n\n\n<figure class=\"wp-block-image size-large\"><img decoding=\"async\" data-id=\"498\" src=\"https:\/\/ilusionennavidad.es\/wp-content\/uploads\/2023\/10\/IMG_20221225_203800-768x1024.jpg\" alt=\"\" class=\"wp-image-498\"\/><\/figure>\n\n\n\n<figure class=\"wp-block-image size-large\"><img loading=\"lazy\" decoding=\"async\" width=\"766\" height=\"1024\" data-id=\"499\" src=\"https:\/\/ilusionennavidad.es\/wp-content\/uploads\/2023\/10\/IMG-20221221-WA0000-766x1024.jpg\" alt=\"\" class=\"wp-image-499\" srcset=\"https:\/\/ilusionennavidad.es\/wp-content\/uploads\/2023\/10\/IMG-20221221-WA0000-766x1024.jpg 766w, https:\/\/ilusionennavidad.es\/wp-content\/uploads\/2023\/10\/IMG-20221221-WA0000-224x300.jpg 224w, https:\/\/ilusionennavidad.es\/wp-content\/uploads\/2023\/10\/IMG-20221221-WA0000-768x1027.jpg 768w, https:\/\/ilusionennavidad.es\/wp-content\/uploads\/2023\/10\/IMG-20221221-WA0000-1149x1536.jpg 1149w, https:\/\/ilusionennavidad.es\/wp-content\/uploads\/2023\/10\/IMG-20221221-WA0000-60x80.jpg 60w, https:\/\/ilusionennavidad.es\/wp-content\/uploads\/2023\/10\/IMG-20221221-WA0000.jpg 1496w\" sizes=\"auto, (max-width: 766px) 100vw, 766px\" \/><\/figure>\n\n\n\n<figure class=\"wp-block-image size-large\"><img loading=\"lazy\" decoding=\"async\" width=\"1024\" height=\"768\" data-id=\"502\" src=\"https:\/\/ilusionennavidad.es\/wp-content\/uploads\/2023\/10\/IMG_20221225_204150-1024x768.jpg\" alt=\"\" class=\"wp-image-502\" srcset=\"https:\/\/ilusionennavidad.es\/wp-content\/uploads\/2023\/10\/IMG_20221225_204150-1024x768.jpg 1024w, https:\/\/ilusionennavidad.es\/wp-content\/uploads\/2023\/10\/IMG_20221225_204150-300x225.jpg 300w, https:\/\/ilusionennavidad.es\/wp-content\/uploads\/2023\/10\/IMG_20221225_204150-768x576.jpg 768w, https:\/\/ilusionennavidad.es\/wp-content\/uploads\/2023\/10\/IMG_20221225_204150-1536x1152.jpg 1536w, https:\/\/ilusionennavidad.es\/wp-content\/uploads\/2023\/10\/IMG_20221225_204150-80x60.jpg 80w, https:\/\/ilusionennavidad.es\/wp-content\/uploads\/2023\/10\/IMG_20221225_204150.jpg 2048w\" sizes=\"auto, (max-width: 1024px) 100vw, 1024px\" \/><\/figure>\n\n\n\n<figure class=\"wp-block-image size-large\"><img loading=\"lazy\" decoding=\"async\" width=\"720\" height=\"540\" data-id=\"497\" src=\"https:\/\/ilusionennavidad.es\/wp-content\/uploads\/2023\/10\/FB_IMG_1672909935269.jpg\" alt=\"\" class=\"wp-image-497\" srcset=\"https:\/\/ilusionennavidad.es\/wp-content\/uploads\/2023\/10\/FB_IMG_1672909935269.jpg 720w, https:\/\/ilusionennavidad.es\/wp-content\/uploads\/2023\/10\/FB_IMG_1672909935269-300x225.jpg 300w, https:\/\/ilusionennavidad.es\/wp-content\/uploads\/2023\/10\/FB_IMG_1672909935269-80x60.jpg 80w\" sizes=\"auto, (max-width: 720px) 100vw, 720px\" \/><\/figure>\n\n\n\n<figure class=\"wp-block-image size-large\"><img loading=\"lazy\" decoding=\"async\" width=\"606\" height=\"1024\" data-id=\"493\" src=\"https:\/\/ilusionennavidad.es\/wp-content\/uploads\/2023\/10\/IMG_20221225_203031-606x1024.jpg\" alt=\"\" class=\"wp-image-493\" srcset=\"https:\/\/ilusionennavidad.es\/wp-content\/uploads\/2023\/10\/IMG_20221225_203031-606x1024.jpg 606w, https:\/\/ilusionennavidad.es\/wp-content\/uploads\/2023\/10\/IMG_20221225_203031-178x300.jpg 178w, https:\/\/ilusionennavidad.es\/wp-content\/uploads\/2023\/10\/IMG_20221225_203031-768x1298.jpg 768w, https:\/\/ilusionennavidad.es\/wp-content\/uploads\/2023\/10\/IMG_20221225_203031-909x1536.jpg 909w, https:\/\/ilusionennavidad.es\/wp-content\/uploads\/2023\/10\/IMG_20221225_203031-47x80.jpg 47w, https:\/\/ilusionennavidad.es\/wp-content\/uploads\/2023\/10\/IMG_20221225_203031.jpg 1212w\" sizes=\"auto, (max-width: 606px) 100vw, 606px\" \/><\/figure>\n\n\n\n<figure class=\"wp-block-image size-large\"><img decoding=\"async\" data-id=\"494\" src=\"https:\/\/ilusionennavidad.es\/wp-content\/uploads\/2023\/10\/IMG_20221225_202852-768x1024.jpg\" alt=\"\" class=\"wp-image-494\"\/><\/figure>\n\n\n\n<figure class=\"wp-block-image size-large\"><img loading=\"lazy\" decoding=\"async\" width=\"478\" height=\"1024\" data-id=\"490\" src=\"https:\/\/ilusionennavidad.es\/wp-content\/uploads\/2023\/10\/IMG_20221225_213212-478x1024.jpg\" alt=\"\" class=\"wp-image-490\" srcset=\"https:\/\/ilusionennavidad.es\/wp-content\/uploads\/2023\/10\/IMG_20221225_213212-478x1024.jpg 478w, https:\/\/ilusionennavidad.es\/wp-content\/uploads\/2023\/10\/IMG_20221225_213212-140x300.jpg 140w, https:\/\/ilusionennavidad.es\/wp-content\/uploads\/2023\/10\/IMG_20221225_213212-37x80.jpg 37w, https:\/\/ilusionennavidad.es\/wp-content\/uploads\/2023\/10\/IMG_20221225_213212.jpg 597w\" sizes=\"auto, (max-width: 478px) 100vw, 478px\" \/><\/figure>\n\n\n\n<figure class=\"wp-block-image size-large\"><img loading=\"lazy\" decoding=\"async\" width=\"1024\" height=\"768\" data-id=\"489\" src=\"https:\/\/ilusionennavidad.es\/wp-content\/uploads\/2023\/10\/IMG-20221228-WA0001.jpg\" alt=\"\" class=\"wp-image-489\" srcset=\"https:\/\/ilusionennavidad.es\/wp-content\/uploads\/2023\/10\/IMG-20221228-WA0001.jpg 1024w, https:\/\/ilusionennavidad.es\/wp-content\/uploads\/2023\/10\/IMG-20221228-WA0001-300x225.jpg 300w, https:\/\/ilusionennavidad.es\/wp-content\/uploads\/2023\/10\/IMG-20221228-WA0001-768x576.jpg 768w, https:\/\/ilusionennavidad.es\/wp-content\/uploads\/2023\/10\/IMG-20221228-WA0001-80x60.jpg 80w\" sizes=\"auto, (max-width: 1024px) 100vw, 1024px\" \/><\/figure>\n\n\n\n<figure class=\"wp-block-image size-large\"><img loading=\"lazy\" decoding=\"async\" width=\"720\" height=\"705\" data-id=\"484\" src=\"https:\/\/ilusionennavidad.es\/wp-content\/uploads\/2023\/10\/Screenshot_20221229_101502.jpg\" alt=\"\" class=\"wp-image-484\" srcset=\"https:\/\/ilusionennavidad.es\/wp-content\/uploads\/2023\/10\/Screenshot_20221229_101502.jpg 720w, https:\/\/ilusionennavidad.es\/wp-content\/uploads\/2023\/10\/Screenshot_20221229_101502-300x294.jpg 300w, https:\/\/ilusionennavidad.es\/wp-content\/uploads\/2023\/10\/Screenshot_20221229_101502-80x78.jpg 80w\" sizes=\"auto, (max-width: 720px) 100vw, 720px\" \/><\/figure>\n\n\n\n<figure class=\"wp-block-image size-large\"><img loading=\"lazy\" decoding=\"async\" width=\"789\" height=\"1024\" data-id=\"485\" src=\"https:\/\/ilusionennavidad.es\/wp-content\/uploads\/2023\/10\/IMG_20221225_212934-789x1024.jpg\" alt=\"\" class=\"wp-image-485\" srcset=\"https:\/\/ilusionennavidad.es\/wp-content\/uploads\/2023\/10\/IMG_20221225_212934-789x1024.jpg 789w, https:\/\/ilusionennavidad.es\/wp-content\/uploads\/2023\/10\/IMG_20221225_212934-231x300.jpg 231w, https:\/\/ilusionennavidad.es\/wp-content\/uploads\/2023\/10\/IMG_20221225_212934-768x997.jpg 768w, https:\/\/ilusionennavidad.es\/wp-content\/uploads\/2023\/10\/IMG_20221225_212934-62x80.jpg 62w, https:\/\/ilusionennavidad.es\/wp-content\/uploads\/2023\/10\/IMG_20221225_212934.jpg 1080w\" sizes=\"auto, (max-width: 789px) 100vw, 789px\" \/><\/figure>\n\n\n\n<figure class=\"wp-block-image size-large\"><img loading=\"lazy\" decoding=\"async\" width=\"1024\" height=\"768\" data-id=\"487\" src=\"https:\/\/ilusionennavidad.es\/wp-content\/uploads\/2023\/10\/IMG_20221225_204312.jpg\" alt=\"\" class=\"wp-image-487\" srcset=\"https:\/\/ilusionennavidad.es\/wp-content\/uploads\/2023\/10\/IMG_20221225_204312.jpg 1024w, https:\/\/ilusionennavidad.es\/wp-content\/uploads\/2023\/10\/IMG_20221225_204312-300x225.jpg 300w, https:\/\/ilusionennavidad.es\/wp-content\/uploads\/2023\/10\/IMG_20221225_204312-768x576.jpg 768w, https:\/\/ilusionennavidad.es\/wp-content\/uploads\/2023\/10\/IMG_20221225_204312-80x60.jpg 80w\" sizes=\"auto, (max-width: 1024px) 100vw, 1024px\" \/><\/figure>\n\n\n\n<figure class=\"wp-block-image size-large\"><img loading=\"lazy\" decoding=\"async\" width=\"1024\" height=\"768\" data-id=\"274\" src=\"https:\/\/ilusionennavidad.es\/wp-content\/uploads\/2021\/11\/IMG_20201030_133401-1024x768.jpg\" alt=\"\" class=\"wp-image-274\" srcset=\"https:\/\/ilusionennavidad.es\/wp-content\/uploads\/2021\/11\/IMG_20201030_133401-1024x768.jpg 1024w, https:\/\/ilusionennavidad.es\/wp-content\/uploads\/2021\/11\/IMG_20201030_133401-300x225.jpg 300w, https:\/\/ilusionennavidad.es\/wp-content\/uploads\/2021\/11\/IMG_20201030_133401-768x576.jpg 768w, https:\/\/ilusionennavidad.es\/wp-content\/uploads\/2021\/11\/IMG_20201030_133401-1536x1152.jpg 1536w, https:\/\/ilusionennavidad.es\/wp-content\/uploads\/2021\/11\/IMG_20201030_133401-1140x855.jpg 1140w, https:\/\/ilusionennavidad.es\/wp-content\/uploads\/2021\/11\/IMG_20201030_133401.jpg 1984w\" sizes=\"auto, (max-width: 1024px) 100vw, 1024px\" \/><\/figure>\n\n\n\n<figure class=\"wp-block-image size-large\"><img loading=\"lazy\" decoding=\"async\" width=\"1024\" height=\"768\" data-id=\"273\" src=\"https:\/\/ilusionennavidad.es\/wp-content\/uploads\/2021\/11\/fef602df-99ba-4ee5-b19c-9cbaed2c2fe6.jpg\" alt=\"\" class=\"wp-image-273\" srcset=\"https:\/\/ilusionennavidad.es\/wp-content\/uploads\/2021\/11\/fef602df-99ba-4ee5-b19c-9cbaed2c2fe6.jpg 1024w, https:\/\/ilusionennavidad.es\/wp-content\/uploads\/2021\/11\/fef602df-99ba-4ee5-b19c-9cbaed2c2fe6-300x225.jpg 300w, https:\/\/ilusionennavidad.es\/wp-content\/uploads\/2021\/11\/fef602df-99ba-4ee5-b19c-9cbaed2c2fe6-768x576.jpg 768w\" sizes=\"auto, (max-width: 1024px) 100vw, 1024px\" \/><\/figure>\n\n\n\n<figure class=\"wp-block-image size-large\"><img loading=\"lazy\" decoding=\"async\" width=\"1024\" height=\"497\" data-id=\"272\" src=\"https:\/\/ilusionennavidad.es\/wp-content\/uploads\/2021\/11\/fb577f54-da71-4195-ae7f-0c015aa5a19b-1024x497.jpg\" alt=\"\" class=\"wp-image-272\" srcset=\"https:\/\/ilusionennavidad.es\/wp-content\/uploads\/2021\/11\/fb577f54-da71-4195-ae7f-0c015aa5a19b-1024x497.jpg 1024w, https:\/\/ilusionennavidad.es\/wp-content\/uploads\/2021\/11\/fb577f54-da71-4195-ae7f-0c015aa5a19b-300x146.jpg 300w, https:\/\/ilusionennavidad.es\/wp-content\/uploads\/2021\/11\/fb577f54-da71-4195-ae7f-0c015aa5a19b-768x373.jpg 768w, https:\/\/ilusionennavidad.es\/wp-content\/uploads\/2021\/11\/fb577f54-da71-4195-ae7f-0c015aa5a19b-1536x746.jpg 1536w, https:\/\/ilusionennavidad.es\/wp-content\/uploads\/2021\/11\/fb577f54-da71-4195-ae7f-0c015aa5a19b-1140x554.jpg 1140w, https:\/\/ilusionennavidad.es\/wp-content\/uploads\/2021\/11\/fb577f54-da71-4195-ae7f-0c015aa5a19b.jpg 1600w\" sizes=\"auto, (max-width: 1024px) 100vw, 1024px\" \/><\/figure>\n\n\n\n<figure class=\"wp-block-image size-large\"><img loading=\"lazy\" decoding=\"async\" width=\"765\" height=\"1024\" data-id=\"264\" src=\"https:\/\/ilusionennavidad.es\/wp-content\/uploads\/2021\/11\/31fd37e0-24b8-427b-a95d-e1d96cdd8152-765x1024.jpg\" alt=\"\" class=\"wp-image-264\" srcset=\"https:\/\/ilusionennavidad.es\/wp-content\/uploads\/2021\/11\/31fd37e0-24b8-427b-a95d-e1d96cdd8152-765x1024.jpg 765w, https:\/\/ilusionennavidad.es\/wp-content\/uploads\/2021\/11\/31fd37e0-24b8-427b-a95d-e1d96cdd8152-224x300.jpg 224w, https:\/\/ilusionennavidad.es\/wp-content\/uploads\/2021\/11\/31fd37e0-24b8-427b-a95d-e1d96cdd8152-768x1028.jpg 768w, https:\/\/ilusionennavidad.es\/wp-content\/uploads\/2021\/11\/31fd37e0-24b8-427b-a95d-e1d96cdd8152.jpg 1080w\" sizes=\"auto, (max-width: 765px) 100vw, 765px\" \/><\/figure>\n\n\n\n<figure class=\"wp-block-image size-full\"><img loading=\"lazy\" decoding=\"async\" width=\"960\" height=\"540\" data-id=\"613\" src=\"https:\/\/ilusionennavidad.es\/wp-content\/uploads\/2024\/10\/FB_IMG_1729167121683.jpg\" alt=\"\" class=\"wp-image-613\" srcset=\"https:\/\/ilusionennavidad.es\/wp-content\/uploads\/2024\/10\/FB_IMG_1729167121683.jpg 960w, https:\/\/ilusionennavidad.es\/wp-content\/uploads\/2024\/10\/FB_IMG_1729167121683-300x169.jpg 300w, https:\/\/ilusionennavidad.es\/wp-content\/uploads\/2024\/10\/FB_IMG_1729167121683-768x432.jpg 768w\" sizes=\"auto, (max-width: 960px) 100vw, 960px\" \/><\/figure>\n<\/figure>\n\n\n\n<p><\/p>\n","protected":false},"excerpt":{"rendered":"<p>Si quieres contratar la visita de Pap\u00e1 Noel a domicilio y online en estas fiestas navide\u00f1as \u00a1Cuenta con nosotros! Con un servicio profesional, hacemos todo tipo de interacciones con los ni\u00f1os y los invitados al lugar en nuestras fiestas infantiles de navidad, ofreciendo sorpresas a &hellip; <a href=\"https:\/\/ilusionennavidad.es\/?page_id=19\" class=\"more-link\"><span>Seguir leyendo<span class=\"screen-reader-text\">Pap\u00e1 Noel<\/span><\/span><\/a><\/p>\n","protected":false},"author":1,"featured_media":0,"parent":0,"menu_order":0,"comment_status":"closed","ping_status":"closed","template":"","meta":{"_price":"","_stock":"","_tribe_ticket_header":"","_tribe_default_ticket_provider":"","_tribe_ticket_capacity":"0","_ticket_start_date":"","_ticket_end_date":"","_tribe_ticket_show_description":"","_tribe_ticket_show_not_going":false,"_tribe_ticket_use_global_stock":"","_tribe_ticket_global_stock_level":"","_global_stock_mode":"","_global_stock_cap":"","_tribe_rsvp_for_event":"","_tribe_ticket_going_count":"","_tribe_ticket_not_going_count":"","_tribe_tickets_list":"[]","_tribe_ticket_has_attendee_info_fields":false,"footnotes":"","_tec_slr_enabled":"","_tec_slr_layout":""},"class_list":["post-19","page","type-page","status-publish","hentry"],"ticketed":false,"_links":{"self":[{"href":"https:\/\/ilusionennavidad.es\/index.php?rest_route=\/wp\/v2\/pages\/19","targetHints":{"allow":["GET"]}}],"collection":[{"href":"https:\/\/ilusionennavidad.es\/index.php?rest_route=\/wp\/v2\/pages"}],"about":[{"href":"https:\/\/ilusionennavidad.es\/index.php?rest_route=\/wp\/v2\/types\/page"}],"author":[{"embeddable":true,"href":"https:\/\/ilusionennavidad.es\/index.php?rest_route=\/wp\/v2\/users\/1"}],"replies":[{"embeddable":true,"href":"https:\/\/ilusionennavidad.es\/index.php?rest_route=%2Fwp%2Fv2%2Fcomments&post=19"}],"version-history":[{"count":33,"href":"https:\/\/ilusionennavidad.es\/index.php?rest_route=\/wp\/v2\/pages\/19\/revisions"}],"predecessor-version":[{"id":626,"href":"https:\/\/ilusionennavidad.es\/index.php?rest_route=\/wp\/v2\/pages\/19\/revisions\/626"}],"wp:attachment":[{"href":"https:\/\/ilusionennavidad.es\/index.php?rest_route=%2Fwp%2Fv2%2Fmedia&parent=19"}],"curies":[{"name":"wp","href":"https:\/\/api.w.org\/{rel}","templated":true}]}}