{"id":4,"date":"2020-10-27T08:16:58","date_gmt":"2020-10-27T08:16:58","guid":{"rendered":"http:\/\/navidadsegura.es\/bienvenido-a-http-navidadsegura-es"},"modified":"2024-10-18T05:27:57","modified_gmt":"2024-10-18T05:27:57","slug":"bienvenido-a-http-navidadsegura-es","status":"publish","type":"page","link":"https:\/\/ilusionennavidad.es\/","title":{"rendered":"Ilusi\u00f3n en Navidad"},"content":{"rendered":"\n<h2><span style=\"color: #800000;\">Ilusi\u00f3n en Navidad: \u00a1Lograremos una Navidad diferente!<\/span><\/h2>\n<p><span style=\"color: #800000;\"><img loading=\"lazy\" decoding=\"async\" class=\"wp-image-556 alignleft\" src=\"https:\/\/ilusionennavidad.es\/wp-content\/uploads\/2024\/10\/Designer-2.jpeg\" alt=\"\" width=\"434\" height=\"248\" srcset=\"https:\/\/ilusionennavidad.es\/wp-content\/uploads\/2024\/10\/Designer-2.jpeg 1792w, https:\/\/ilusionennavidad.es\/wp-content\/uploads\/2024\/10\/Designer-2-300x171.jpeg 300w, https:\/\/ilusionennavidad.es\/wp-content\/uploads\/2024\/10\/Designer-2-1024x585.jpeg 1024w, https:\/\/ilusionennavidad.es\/wp-content\/uploads\/2024\/10\/Designer-2-768x439.jpeg 768w, https:\/\/ilusionennavidad.es\/wp-content\/uploads\/2024\/10\/Designer-2-1536x878.jpeg 1536w, https:\/\/ilusionennavidad.es\/wp-content\/uploads\/2024\/10\/Designer-2-80x46.jpeg 80w\" sizes=\"auto, (max-width: 434px) 100vw, 434px\" \/>Este a\u00f1o, te ofrecemos la oportunidad de llevar la magia de la Navidad directamente a tu hogar. Con nuestros servicios, Pap\u00e1 Noel y Los Reyes Magos visitar\u00e1n a tus peque\u00f1os\/as para entregarles sus regalos de manera personal en estas fiestas tan especiales.<\/span><\/p>\n<p><span style=\"color: #800000;\">Nuestra misi\u00f3n es mantener viva la ilusi\u00f3n de los ni\u00f1os y ni\u00f1as, y cada a\u00f1o nos esforzamos por hacerlo de la mejor manera posible. Para nosotros, su felicidad es lo m\u00e1s importante.<\/span><\/p>\n<p>\u00a0<\/p>\n<h3><span style=\"color: #800000;\">Testimonios de Nuestros Clientes<\/span><\/h3>\n<p><span style=\"color: #800000;\">La satisfacci\u00f3n de nuestros clientes es nuestra mejor carta de presentaci\u00f3n. Aqu\u00ed tienes algunos mensajes que hemos recibido tras las visitas de nuestros personajes a sus domicilios:<\/span><\/p>\n<blockquote>\n<ul>\n<li>\n<p><em><span style=\"color: #800000;\"><img loading=\"lazy\" decoding=\"async\" class=\"wp-image-498 alignright\" src=\"https:\/\/ilusionennavidad.es\/wp-content\/uploads\/2023\/10\/IMG_20221225_203800-e1729092948411.jpg\" alt=\"\" width=\"389\" height=\"354\" srcset=\"https:\/\/ilusionennavidad.es\/wp-content\/uploads\/2023\/10\/IMG_20221225_203800-e1729092948411.jpg 1536w, https:\/\/ilusionennavidad.es\/wp-content\/uploads\/2023\/10\/IMG_20221225_203800-e1729092948411-300x273.jpg 300w, https:\/\/ilusionennavidad.es\/wp-content\/uploads\/2023\/10\/IMG_20221225_203800-e1729092948411-1024x933.jpg 1024w, https:\/\/ilusionennavidad.es\/wp-content\/uploads\/2023\/10\/IMG_20221225_203800-e1729092948411-768x700.jpg 768w, https:\/\/ilusionennavidad.es\/wp-content\/uploads\/2023\/10\/IMG_20221225_203800-e1729092948411-80x73.jpg 80w\" sizes=\"auto, (max-width: 389px) 100vw, 389px\" \/>\u00abEl Pap\u00e1 Noel que nos toc\u00f3 fue incre\u00edble, de verdad nos encant\u00f3. Con los ni\u00f1os fue s\u00faper cari\u00f1oso. Para el pr\u00f3ximo a\u00f1o definitivamente quiero volver a contar con ustedes. Incluso lo quiere para su cumplea\u00f1os en Mayo \u00a1Gracias por el trabajo tan lindo que hacen!\u00bb<\/span><\/em><\/p>\n<\/li>\n<\/ul>\n<\/blockquote>\n<p>\u00a0<\/p>\n<blockquote>\n<p><span style=\"color: #800000;\"><em><img loading=\"lazy\" decoding=\"async\" class=\" wp-image-285 alignleft\" src=\"https:\/\/ilusionennavidad.es\/wp-content\/uploads\/2021\/11\/6ed3a53c-a78e-4d52-a938-6435df7106b4.jpg\" alt=\"\" width=\"215\" height=\"286\" srcset=\"https:\/\/ilusionennavidad.es\/wp-content\/uploads\/2021\/11\/6ed3a53c-a78e-4d52-a938-6435df7106b4.jpg 1200w, https:\/\/ilusionennavidad.es\/wp-content\/uploads\/2021\/11\/6ed3a53c-a78e-4d52-a938-6435df7106b4-225x300.jpg 225w, https:\/\/ilusionennavidad.es\/wp-content\/uploads\/2021\/11\/6ed3a53c-a78e-4d52-a938-6435df7106b4-768x1024.jpg 768w, https:\/\/ilusionennavidad.es\/wp-content\/uploads\/2021\/11\/6ed3a53c-a78e-4d52-a938-6435df7106b4-1152x1536.jpg 1152w, https:\/\/ilusionennavidad.es\/wp-content\/uploads\/2021\/11\/6ed3a53c-a78e-4d52-a938-6435df7106b4-1140x1520.jpg 1140w\" sizes=\"auto, (max-width: 215px) 100vw, 215px\" \/><\/em><\/span><\/p>\n<p>\u00a0<\/p>\n<ul>\n<li>\n<p><span style=\"color: #800000;\"><em>\u00abNi me imaginaba lo feliz que se puso mi hija; lleva d\u00edas hablando de Melchor. \u00a1Nos ha encantado!\u00bb<\/em><\/span><\/p>\n<\/li>\n<\/ul>\n<\/blockquote>\n<h3><span style=\"color: #800000;\">\u00a1Haz que estas navidades sean inolvidables!<\/span><\/h3>\n<p><span style=\"color: #800000;\">Nuestro objetivo es seguir creando momentos m\u00e1gicos para los m\u00e1s peque\u00f1os. Ofrecemos diversas opciones para que Pap\u00e1 Noel y Los Reyes Magos te sorprendan este a\u00f1o.<\/span><\/p>\n<p>\u00a0<\/p>\n<h3><span style=\"color: #800000;\">Caracter\u00edsticas de Nuestras Visitas:<\/span><\/h3>\n<ul>\n<li><span style=\"color: #800000;\"><strong><img loading=\"lazy\" decoding=\"async\" class=\"wp-image-501 alignright\" src=\"https:\/\/ilusionennavidad.es\/wp-content\/uploads\/2023\/10\/IMG_20221225_204023-e1696267197442.jpg\" alt=\"\" width=\"346\" height=\"407\" srcset=\"https:\/\/ilusionennavidad.es\/wp-content\/uploads\/2023\/10\/IMG_20221225_204023-e1696267197442.jpg 1135w, https:\/\/ilusionennavidad.es\/wp-content\/uploads\/2023\/10\/IMG_20221225_204023-e1696267197442-255x300.jpg 255w, https:\/\/ilusionennavidad.es\/wp-content\/uploads\/2023\/10\/IMG_20221225_204023-e1696267197442-872x1024.jpg 872w, https:\/\/ilusionennavidad.es\/wp-content\/uploads\/2023\/10\/IMG_20221225_204023-e1696267197442-768x902.jpg 768w, https:\/\/ilusionennavidad.es\/wp-content\/uploads\/2023\/10\/IMG_20221225_204023-e1696267197442-68x80.jpg 68w\" sizes=\"auto, (max-width: 346px) 100vw, 346px\" \/>Visitas Personalizadas:<\/strong>\u00a0Cada ni\u00f1o escuchar\u00e1 un mensaje \u00fanico de nuestros personajes, adaptado a sus deseos e ilusiones.<\/span><\/li>\n<li><span style=\"color: #800000;\"><strong>Duraci\u00f3n de la Visita:<\/strong> Ofrecemos visitas de 15 o 20 minutos, donde se entregar\u00e1n los regalos de manera especial.<\/span><\/li>\n<li><span style=\"color: #800000;\"><strong>Interacci\u00f3n Familiar:<\/strong>\u00a0Aprovechamos cada momento para interactuar con todos en el hogar, \u00a1y no olvides sacar muchas fotos!<\/span><\/li>\n<li><span style=\"color: #800000;\"><strong>Sin prisas ni agobios:<\/strong>\u00a0Nos tomamos el tiempo necesario para que cada ni\u00f1o disfrute de la experiencia al m\u00e1ximo.<\/span><\/li>\n<li><span style=\"color: #800000;\"><strong>Figurantes Experimentados:<\/strong>\u00a0Todos nuestros personajes son profesionales con amplia experiencia, dedicados a mantener viva la magia de la Navidad.<\/span><\/li>\n<\/ul>\n<p><span style=\"color: #800000;\">\u00a1Este a\u00f1o, regala a tus seres queridos la magia de la Navidad en casa y haz que sus ojos brillen de ilusi\u00f3n!<\/span><\/p>\n<p><span style=\"color: #800000;\"><strong> Cont\u00e1ctanos para m\u00e1s informaci\u00f3n y reservas.<\/strong><\/span><\/p>\n\n\n\n<p><\/p>\n\n\n\n<p><\/p>\n\n\n\n<p><\/p>\n\n\n\n<p><\/p>\n\n\n\n<p><\/p>\n\n\n\n<p><\/p>\n\n\n\n<p><\/p>\n\n\n\n<p><\/p>\n\n\n\n<p><\/p>\n\n\n\n<p><\/p>\n\n\n\n<p><\/p>\n","protected":false},"excerpt":{"rendered":"<p>Ilusi\u00f3n en Navidad: \u00a1Lograremos una Navidad diferente! Este a\u00f1o, te ofrecemos la oportunidad de llevar la magia de la Navidad directamente a tu hogar. Con nuestros servicios, Pap\u00e1 Noel y Los Reyes Magos visitar\u00e1n a tus peque\u00f1os\/as para entregarles sus regalos de manera personal en &hellip; <a href=\"https:\/\/ilusionennavidad.es\/\" class=\"more-link\"><span>Seguir leyendo<span class=\"screen-reader-text\">Ilusi\u00f3n en Navidad<\/span><\/span><\/a><\/p>\n","protected":false},"author":1,"featured_media":0,"parent":0,"menu_order":0,"comment_status":"closed","ping_status":"open","template":"","meta":{"_price":"","_stock":"","_tribe_ticket_header":"","_tribe_default_ticket_provider":"","_tribe_ticket_capacity":"0","_ticket_start_date":"","_ticket_end_date":"","_tribe_ticket_show_description":"","_tribe_ticket_show_not_going":false,"_tribe_ticket_use_global_stock":"","_tribe_ticket_global_stock_level":"","_global_stock_mode":"","_global_stock_cap":"","_tribe_rsvp_for_event":"","_tribe_ticket_going_count":"","_tribe_ticket_not_going_count":"","_tribe_tickets_list":"[]","_tribe_ticket_has_attendee_info_fields":false,"footnotes":"","_tec_slr_enabled":"","_tec_slr_layout":""},"class_list":["post-4","page","type-page","status-publish","hentry"],"ticketed":false,"_links":{"self":[{"href":"https:\/\/ilusionennavidad.es\/index.php?rest_route=\/wp\/v2\/pages\/4","targetHints":{"allow":["GET"]}}],"collection":[{"href":"https:\/\/ilusionennavidad.es\/index.php?rest_route=\/wp\/v2\/pages"}],"about":[{"href":"https:\/\/ilusionennavidad.es\/index.php?rest_route=\/wp\/v2\/types\/page"}],"author":[{"embeddable":true,"href":"https:\/\/ilusionennavidad.es\/index.php?rest_route=\/wp\/v2\/users\/1"}],"replies":[{"embeddable":true,"href":"https:\/\/ilusionennavidad.es\/index.php?rest_route=%2Fwp%2Fv2%2Fcomments&post=4"}],"version-history":[{"count":96,"href":"https:\/\/ilusionennavidad.es\/index.php?rest_route=\/wp\/v2\/pages\/4\/revisions"}],"predecessor-version":[{"id":618,"href":"https:\/\/ilusionennavidad.es\/index.php?rest_route=\/wp\/v2\/pages\/4\/revisions\/618"}],"wp:attachment":[{"href":"https:\/\/ilusionennavidad.es\/index.php?rest_route=%2Fwp%2Fv2%2Fmedia&parent=4"}],"curies":[{"name":"wp","href":"https:\/\/api.w.org\/{rel}","templated":true}]}}