{"id":417,"date":"2024-10-21T16:49:41","date_gmt":"2024-10-21T16:49:41","guid":{"rendered":"https:\/\/tuilusionencasa.es\/?page_id=417"},"modified":"2024-10-21T16:49:42","modified_gmt":"2024-10-21T16:49:42","slug":"otros-personajes-navidenos","status":"publish","type":"page","link":"https:\/\/ilusionennavidad.es\/?page_id=417","title":{"rendered":"Otros personajes navide\u00f1os"},"content":{"rendered":"\n<p><img loading=\"lazy\" decoding=\"async\" class=\" wp-image-631 alignright\" src=\"https:\/\/ilusionennavidad.es\/wp-content\/uploads\/2024\/10\/Designer-4.jpeg\" alt=\"\" width=\"484\" height=\"484\" srcset=\"https:\/\/ilusionennavidad.es\/wp-content\/uploads\/2024\/10\/Designer-4.jpeg 1024w, https:\/\/ilusionennavidad.es\/wp-content\/uploads\/2024\/10\/Designer-4-300x300.jpeg 300w, https:\/\/ilusionennavidad.es\/wp-content\/uploads\/2024\/10\/Designer-4-150x150.jpeg 150w, https:\/\/ilusionennavidad.es\/wp-content\/uploads\/2024\/10\/Designer-4-768x768.jpeg 768w, https:\/\/ilusionennavidad.es\/wp-content\/uploads\/2024\/10\/Designer-4-533x533.jpeg 533w, https:\/\/ilusionennavidad.es\/wp-content\/uploads\/2024\/10\/Designer-4-640x640.jpeg 640w, https:\/\/ilusionennavidad.es\/wp-content\/uploads\/2024\/10\/Designer-4-864x864.jpeg 864w\" sizes=\"auto, (max-width: 484px) 100vw, 484px\" \/>El universo de la Navidad se viste con un manto de magia y tradici\u00f3n que se extiende m\u00e1s all\u00e1 de las figuras centrales de Pap\u00e1 Noel y los Reyes Magos, llegando a los personajes que les asisten en la monumental tarea de distribuir alegr\u00eda y regalos en esta \u00e9poca tan especial. En este contexto, emerge una comparativa entre los pajes reales y los elfos, dos conjuntos de ayudantes que, aunque emergen de tradiciones distintas, comparten un fin com\u00fan , el traer la iluci\u00f3n a los m\u00e1s peque\u00f1@s.<\/p>\n<h3>Elfos\u00a0<\/h3>\n<p><img loading=\"lazy\" decoding=\"async\" class=\" wp-image-632 alignleft\" src=\"https:\/\/ilusionennavidad.es\/wp-content\/uploads\/2024\/10\/81ghinY4VwL._AC_UY580_.jpg\" alt=\"\" width=\"317\" height=\"317\" srcset=\"https:\/\/ilusionennavidad.es\/wp-content\/uploads\/2024\/10\/81ghinY4VwL._AC_UY580_.jpg 580w, https:\/\/ilusionennavidad.es\/wp-content\/uploads\/2024\/10\/81ghinY4VwL._AC_UY580_-300x300.jpg 300w, https:\/\/ilusionennavidad.es\/wp-content\/uploads\/2024\/10\/81ghinY4VwL._AC_UY580_-150x150.jpg 150w, https:\/\/ilusionennavidad.es\/wp-content\/uploads\/2024\/10\/81ghinY4VwL._AC_UY580_-533x533.jpg 533w\" sizes=\"auto, (max-width: 317px) 100vw, 317px\" \/>Los elfos de Pap\u00e1 Noel provienen de ra\u00edces en la cultura anglosajona y n\u00f3rdica. Son seres m\u00e1gicos que, en el Polo Norte, ayudan a Santa Claus a confeccionar los juguetes y preparar todo para la gran noche de Navidad. Los elfos trabajan todo el a\u00f1o para asegurar que cada ni\u00f1o reciba el regalo que desea, mostrando una dedicaci\u00f3n y eficiencia que son esenciales para la magia de la Navidad.<\/p>\n<h3>Paje Real<\/h3>\n<p><img loading=\"lazy\" decoding=\"async\" class=\"wp-image-633 alignright\" src=\"https:\/\/ilusionennavidad.es\/wp-content\/uploads\/2024\/10\/WhatsApp-Image-2024-10-17-at-13.28.26-1.jpeg\" alt=\"\" width=\"368\" height=\"276\" srcset=\"https:\/\/ilusionennavidad.es\/wp-content\/uploads\/2024\/10\/WhatsApp-Image-2024-10-17-at-13.28.26-1.jpeg 1600w, https:\/\/ilusionennavidad.es\/wp-content\/uploads\/2024\/10\/WhatsApp-Image-2024-10-17-at-13.28.26-1-300x225.jpeg 300w, https:\/\/ilusionennavidad.es\/wp-content\/uploads\/2024\/10\/WhatsApp-Image-2024-10-17-at-13.28.26-1-1024x768.jpeg 1024w, https:\/\/ilusionennavidad.es\/wp-content\/uploads\/2024\/10\/WhatsApp-Image-2024-10-17-at-13.28.26-1-768x576.jpeg 768w, https:\/\/ilusionennavidad.es\/wp-content\/uploads\/2024\/10\/WhatsApp-Image-2024-10-17-at-13.28.26-1-1536x1152.jpeg 1536w\" sizes=\"auto, (max-width: 368px) 100vw, 368px\" \/>Los pajes reales\u00a0 atienden a todos los ni\u00f1os y ni\u00f1as, son los ayudantes de Melchor, Gaspar y Baltasar escuchar\u00e1n los deseos de los m\u00e1s peque\u00f1os para ponerse manos a la obra con sus Majestades los Reyes Magos, antes del gran D\u00eda de Reyes o ese mismo de d\u00eda.<\/p>\n<p>Como ayudantes pueden recoger cartas o entregar regalos tambi\u00e9n, para aliviar el arduo trabajo de sus majestades<\/p>\n","protected":false},"excerpt":{"rendered":"<p>El universo de la Navidad se viste con un manto de magia y tradici\u00f3n que se extiende m\u00e1s all\u00e1 de las figuras centrales de Pap\u00e1 Noel y los Reyes Magos, llegando a los personajes que les asisten en la monumental tarea de distribuir alegr\u00eda y &hellip; <a href=\"https:\/\/ilusionennavidad.es\/?page_id=417\" class=\"more-link\"><span>Seguir leyendo<span class=\"screen-reader-text\">Otros personajes navide\u00f1os<\/span><\/span><\/a><\/p>\n","protected":false},"author":1,"featured_media":0,"parent":0,"menu_order":0,"comment_status":"closed","ping_status":"closed","template":"","meta":{"_price":"","_stock":"","_tribe_ticket_header":"","_tribe_default_ticket_provider":"","_tribe_ticket_capacity":"0","_ticket_start_date":"","_ticket_end_date":"","_tribe_ticket_show_description":"","_tribe_ticket_show_not_going":false,"_tribe_ticket_use_global_stock":"","_tribe_ticket_global_stock_level":"","_global_stock_mode":"","_global_stock_cap":"","_tribe_rsvp_for_event":"","_tribe_ticket_going_count":"","_tribe_ticket_not_going_count":"","_tribe_tickets_list":"[]","_tribe_ticket_has_attendee_info_fields":false,"footnotes":"","_tec_slr_enabled":"","_tec_slr_layout":""},"class_list":["post-417","page","type-page","status-publish","hentry"],"ticketed":false,"_links":{"self":[{"href":"https:\/\/ilusionennavidad.es\/index.php?rest_route=\/wp\/v2\/pages\/417","targetHints":{"allow":["GET"]}}],"collection":[{"href":"https:\/\/ilusionennavidad.es\/index.php?rest_route=\/wp\/v2\/pages"}],"about":[{"href":"https:\/\/ilusionennavidad.es\/index.php?rest_route=\/wp\/v2\/types\/page"}],"author":[{"embeddable":true,"href":"https:\/\/ilusionennavidad.es\/index.php?rest_route=\/wp\/v2\/users\/1"}],"replies":[{"embeddable":true,"href":"https:\/\/ilusionennavidad.es\/index.php?rest_route=%2Fwp%2Fv2%2Fcomments&post=417"}],"version-history":[{"count":4,"href":"https:\/\/ilusionennavidad.es\/index.php?rest_route=\/wp\/v2\/pages\/417\/revisions"}],"predecessor-version":[{"id":634,"href":"https:\/\/ilusionennavidad.es\/index.php?rest_route=\/wp\/v2\/pages\/417\/revisions\/634"}],"wp:attachment":[{"href":"https:\/\/ilusionennavidad.es\/index.php?rest_route=%2Fwp%2Fv2%2Fmedia&parent=417"}],"curies":[{"name":"wp","href":"https:\/\/api.w.org\/{rel}","templated":true}]}}