{"id":61,"date":"2020-11-02T08:25:21","date_gmt":"2020-11-02T08:25:21","guid":{"rendered":"http:\/\/navidadsegura.es\/?page_id=61"},"modified":"2024-10-18T05:35:28","modified_gmt":"2024-10-18T05:35:28","slug":"reyes-magos","status":"publish","type":"page","link":"https:\/\/ilusionennavidad.es\/?page_id=61","title":{"rendered":"Reyes Magos"},"content":{"rendered":"\n<p><img loading=\"lazy\" decoding=\"async\" class=\"wp-image-558  alignleft\" src=\"https:\/\/ilusionennavidad.es\/wp-content\/uploads\/2024\/10\/Designer.jpeg\" alt=\"\" width=\"492\" height=\"281\" srcset=\"https:\/\/ilusionennavidad.es\/wp-content\/uploads\/2024\/10\/Designer.jpeg 1792w, https:\/\/ilusionennavidad.es\/wp-content\/uploads\/2024\/10\/Designer-300x171.jpeg 300w, https:\/\/ilusionennavidad.es\/wp-content\/uploads\/2024\/10\/Designer-1024x585.jpeg 1024w, https:\/\/ilusionennavidad.es\/wp-content\/uploads\/2024\/10\/Designer-768x439.jpeg 768w, https:\/\/ilusionennavidad.es\/wp-content\/uploads\/2024\/10\/Designer-1536x878.jpeg 1536w, https:\/\/ilusionennavidad.es\/wp-content\/uploads\/2024\/10\/Designer-80x46.jpeg 80w\" sizes=\"auto, (max-width: 492px) 100vw, 492px\" \/><\/p>\n<p><span style=\"color: #008080;\">Casi finalizando las vacaciones de Navidad, la ilusi\u00f3n vuelve a apoderarse de nuestros corazones con la llegada de los Reyes Magos de Oriente. Melchor, Gaspar y Baltasar est\u00e1n listos para recorrer cada rinc\u00f3n, cargados de regalos y sorpresas, rumbo a tus casas.<\/span><\/p>\n<p><span style=\"color: #008080;\">Este a\u00f1o, nuestros tres querid\u00edsimos magos quiere hacer tus sue\u00f1os realidad, y lo mejor de todo es que tienen la oportunidad de entregarte tus obsequios en persona. Imagina la emoci\u00f3n de recibir a Los Reyes en tu hogar, compartiendo risas y creando recuerdos inolvidables.<\/span><\/p>\n<p><span style=\"color: #008080;\">\u00a1No dejes pasar esta oportunidad m\u00e1gica! Prep\u00e1rate para vivir una noche llena de sorpresas y alegr\u00eda junto a Melchor, Gaspar y Baltasar. Celebra la tradici\u00f3n con nosotros y haz que esta Navidad sea a\u00fan m\u00e1s especial.<\/span><\/p>\n<h2><span style=\"color: #008080;\">Reyes Magos a domicilio<\/span><\/h2>\n<p><span style=\"color: #008080;\"><img loading=\"lazy\" decoding=\"async\" class=\"wp-image-81  alignright\" src=\"https:\/\/ilusionennavidad.es\/wp-content\/uploads\/2020\/11\/3d4a1e82-eb99-455e-ae30-6cabe2b2cf85-e1696268737183-273x300.jpg\" alt=\"\" width=\"311\" height=\"342\" srcset=\"https:\/\/ilusionennavidad.es\/wp-content\/uploads\/2020\/11\/3d4a1e82-eb99-455e-ae30-6cabe2b2cf85-e1696268737183-273x300.jpg 273w, https:\/\/ilusionennavidad.es\/wp-content\/uploads\/2020\/11\/3d4a1e82-eb99-455e-ae30-6cabe2b2cf85-e1696268737183-73x80.jpg 73w, https:\/\/ilusionennavidad.es\/wp-content\/uploads\/2020\/11\/3d4a1e82-eb99-455e-ae30-6cabe2b2cf85-e1696268737183.jpg 748w\" sizes=\"auto, (max-width: 311px) 100vw, 311px\" \/><\/span><\/p>\n<p><span style=\"color: #008080;\">Traeremos toda la magia desde Oriente, para que los ni\u00f1os\/as se lleven una sorpresa que perdurar\u00e1 en su recuerdo muchos a\u00f1os.<\/span><\/p>\n<p><span style=\"color: #008080;\">La visita puede ser d uno de los Reyes magos (<strong>Melchor, Gaspar y Baltasar<\/strong>) o de los tres conjuntamente.<\/span><\/p>\n<p>\u00a0<\/p>\n<p>\u00a0<\/p>\n<h2><em><span style=\"color: #008080;\">Tenemos dos servicios de visitas a domicilio:<\/span><\/em><\/h2>\n<p><span style=\"color: #008080;\"><img loading=\"lazy\" decoding=\"async\" class=\" wp-image-500 alignleft\" src=\"https:\/\/ilusionennavidad.es\/wp-content\/uploads\/2023\/10\/IMG-20221228-WA0007-e1696268843127-215x300.jpg\" alt=\"\" width=\"232\" height=\"324\" srcset=\"https:\/\/ilusionennavidad.es\/wp-content\/uploads\/2023\/10\/IMG-20221228-WA0007-e1696268843127-215x300.jpg 215w, https:\/\/ilusionennavidad.es\/wp-content\/uploads\/2023\/10\/IMG-20221228-WA0007-e1696268843127-57x80.jpg 57w, https:\/\/ilusionennavidad.es\/wp-content\/uploads\/2023\/10\/IMG-20221228-WA0007-e1696268843127.jpg 656w\" sizes=\"auto, (max-width: 232px) 100vw, 232px\" \/><\/span><\/p>\n<p>\u00a0<\/p>\n<ul>\n<li><span style=\"color: #008080;\"><strong>Visita para la recogida de cartas.<\/strong><\/span><br \/><span style=\"color: #008080;\">Unos d\u00edas antes de navidad, Pap\u00e1 Noel puede hacer un hueco en su atareada agenda para visitarte. Adem\u00e1s de recoger e informarse sobre los regalos que desean los m\u00e1s peque\u00f1os que les traiga. Este servicio se realizar\u00e1 entre los d\u00edas 2 y 4 de Enero<\/span><\/li>\n<\/ul>\n<p>\u00a0<\/p>\n<p>\u00a0<\/p>\n<p>\u00a0<\/p>\n<ul>\n<li><span style=\"color: #008080;\"><strong>Visita para la entrega de regalos.<img loading=\"lazy\" decoding=\"async\" class=\"size-medium wp-image-280 alignright\" src=\"https:\/\/ilusionennavidad.es\/wp-content\/uploads\/2021\/11\/2011a535-c91f-4ceb-919e-e38e87b339d4-300x223.jpg\" alt=\"\" width=\"300\" height=\"223\" srcset=\"https:\/\/ilusionennavidad.es\/wp-content\/uploads\/2021\/11\/2011a535-c91f-4ceb-919e-e38e87b339d4-300x223.jpg 300w, https:\/\/ilusionennavidad.es\/wp-content\/uploads\/2021\/11\/2011a535-c91f-4ceb-919e-e38e87b339d4-1024x762.jpg 1024w, https:\/\/ilusionennavidad.es\/wp-content\/uploads\/2021\/11\/2011a535-c91f-4ceb-919e-e38e87b339d4-768x571.jpg 768w, https:\/\/ilusionennavidad.es\/wp-content\/uploads\/2021\/11\/2011a535-c91f-4ceb-919e-e38e87b339d4.jpg 1140w\" sizes=\"auto, (max-width: 300px) 100vw, 300px\" \/><\/strong><\/span><br \/><span style=\"color: #008080;\">Los d\u00edas 5 y 6\u00a0 de Enero, llevaremos cargados de regalos a vuestras casa para que los ni\u00f1os se lleven la sorpresa antes de ir a dormir o desde muy temprano esa ma\u00f1ana.<\/span><\/li>\n<\/ul>\n<p>\u00a0<\/p>\n<p><span style=\"color: #008080;\"><strong>\u00a1Ser\u00e1 un recuerdo imborrable!<\/strong><\/span><\/p>\n<p>\u00a0<\/p>\n<p>\u00a0<\/p>\n<h2><span style=\"color: #008080;\">Reyes Magos para empresas<\/span><\/h2>\n<p><span style=\"color: #008080;\"><img loading=\"lazy\" decoding=\"async\" class=\"wp-image-510  alignright\" src=\"https:\/\/ilusionennavidad.es\/wp-content\/uploads\/2023\/10\/IMG-20191210-WA0004-300x300.jpg\" alt=\"\" width=\"350\" height=\"350\" srcset=\"https:\/\/ilusionennavidad.es\/wp-content\/uploads\/2023\/10\/IMG-20191210-WA0004-300x300.jpg 300w, https:\/\/ilusionennavidad.es\/wp-content\/uploads\/2023\/10\/IMG-20191210-WA0004-150x150.jpg 150w, https:\/\/ilusionennavidad.es\/wp-content\/uploads\/2023\/10\/IMG-20191210-WA0004-768x768.jpg 768w, https:\/\/ilusionennavidad.es\/wp-content\/uploads\/2023\/10\/IMG-20191210-WA0004-80x80.jpg 80w, https:\/\/ilusionennavidad.es\/wp-content\/uploads\/2023\/10\/IMG-20191210-WA0004.jpg 960w\" sizes=\"auto, (max-width: 350px) 100vw, 350px\" \/><\/span><br \/><span style=\"color: #008080;\">Si lo que quieres es organizar que tus clientes puedan llevar sus cartas a a Los Reyes Magos en tu empresa, \u00a1cuenta con nosotros!<\/span><\/p>\n<p><span style=\"color: #008080;\">Los Reyes Magos pueden recoger las cartas, haciendo de esa experiencia, un recuerdo agradable y que embriague la magia de estos seres tan queridos.<\/span><\/p>\n<p><span style=\"color: #008080;\">Tanto por individual o en conjunto los tres (Melchor, Gaspar y Baltazar), har\u00e1n que tus clientes\/as se lleven un recuerdo positivo de tu negocio<\/span><\/p>\n<p>\u00a0<\/p>\n<h2><span style=\"color: #008080;\">Video llamadas Reyes Magos<\/span><\/h2>\n<p><span style=\"color: #008080;\"><img loading=\"lazy\" decoding=\"async\" class=\" wp-image-297 alignleft\" src=\"https:\/\/ilusionennavidad.es\/wp-content\/uploads\/2021\/11\/videoconferencia-melchor-300x169.jpg\" alt=\"\" width=\"344\" height=\"194\" srcset=\"https:\/\/ilusionennavidad.es\/wp-content\/uploads\/2021\/11\/videoconferencia-melchor-300x169.jpg 300w, https:\/\/ilusionennavidad.es\/wp-content\/uploads\/2021\/11\/videoconferencia-melchor-1024x577.jpg 1024w, https:\/\/ilusionennavidad.es\/wp-content\/uploads\/2021\/11\/videoconferencia-melchor-768x433.jpg 768w, https:\/\/ilusionennavidad.es\/wp-content\/uploads\/2021\/11\/videoconferencia-melchor.jpg 1140w\" sizes=\"auto, (max-width: 344px) 100vw, 344px\" \/>\u00a1Melchor o Gaspar pueden hacer una llamada por sorpresa! Mediante la plataforma de video conferencia Zoom, hablar\u00e1 con los m\u00e1s peque\u00f1os y los dejar\u00e1 muy sorprendidos con los mensajes que les dir\u00e1<\/span><\/p>\n<p>\u00a0<\/p>\n<p>\u00a0<\/p>\n\n\n\n<figure class=\"wp-block-gallery has-nested-images columns-3 is-cropped has-midnight-gradient-background has-background wp-block-gallery-2 is-layout-flex wp-block-gallery-is-layout-flex\">\n<figure class=\"wp-block-image size-large\"><img loading=\"lazy\" decoding=\"async\" width=\"727\" height=\"1024\" data-id=\"509\" src=\"https:\/\/ilusionennavidad.es\/wp-content\/uploads\/2023\/10\/ca836871-597a-420c-a082-64ee8fc42723-727x1024-1.jpg\" alt=\"\" class=\"wp-image-509\" srcset=\"https:\/\/ilusionennavidad.es\/wp-content\/uploads\/2023\/10\/ca836871-597a-420c-a082-64ee8fc42723-727x1024-1.jpg 727w, https:\/\/ilusionennavidad.es\/wp-content\/uploads\/2023\/10\/ca836871-597a-420c-a082-64ee8fc42723-727x1024-1-213x300.jpg 213w, https:\/\/ilusionennavidad.es\/wp-content\/uploads\/2023\/10\/ca836871-597a-420c-a082-64ee8fc42723-727x1024-1-57x80.jpg 57w\" sizes=\"auto, (max-width: 727px) 100vw, 727px\" \/><\/figure>\n\n\n\n<figure class=\"wp-block-image size-large\"><img loading=\"lazy\" decoding=\"async\" width=\"768\" height=\"1024\" data-id=\"515\" src=\"https:\/\/ilusionennavidad.es\/wp-content\/uploads\/2023\/10\/IMG-20201130-WA0000-768x1024.jpg\" alt=\"\" class=\"wp-image-515\" srcset=\"https:\/\/ilusionennavidad.es\/wp-content\/uploads\/2023\/10\/IMG-20201130-WA0000-768x1024.jpg 768w, https:\/\/ilusionennavidad.es\/wp-content\/uploads\/2023\/10\/IMG-20201130-WA0000-225x300.jpg 225w, https:\/\/ilusionennavidad.es\/wp-content\/uploads\/2023\/10\/IMG-20201130-WA0000-1152x1536.jpg 1152w, https:\/\/ilusionennavidad.es\/wp-content\/uploads\/2023\/10\/IMG-20201130-WA0000-60x80.jpg 60w, https:\/\/ilusionennavidad.es\/wp-content\/uploads\/2023\/10\/IMG-20201130-WA0000.jpg 1200w\" sizes=\"auto, (max-width: 768px) 100vw, 768px\" \/><\/figure>\n\n\n\n<figure class=\"wp-block-image size-large\"><img loading=\"lazy\" decoding=\"async\" width=\"768\" height=\"1024\" data-id=\"519\" src=\"https:\/\/ilusionennavidad.es\/wp-content\/uploads\/2023\/10\/IMG_20231002_171919-1-768x1024.jpg\" alt=\"\" class=\"wp-image-519\" srcset=\"https:\/\/ilusionennavidad.es\/wp-content\/uploads\/2023\/10\/IMG_20231002_171919-1-768x1024.jpg 768w, https:\/\/ilusionennavidad.es\/wp-content\/uploads\/2023\/10\/IMG_20231002_171919-1-225x300.jpg 225w, https:\/\/ilusionennavidad.es\/wp-content\/uploads\/2023\/10\/IMG_20231002_171919-1-1152x1536.jpg 1152w, https:\/\/ilusionennavidad.es\/wp-content\/uploads\/2023\/10\/IMG_20231002_171919-1-60x80.jpg 60w, https:\/\/ilusionennavidad.es\/wp-content\/uploads\/2023\/10\/IMG_20231002_171919-1.jpg 1536w\" sizes=\"auto, (max-width: 768px) 100vw, 768px\" \/><\/figure>\n\n\n\n<figure class=\"wp-block-image size-large\"><img loading=\"lazy\" decoding=\"async\" width=\"498\" height=\"1024\" data-id=\"511\" src=\"https:\/\/ilusionennavidad.es\/wp-content\/uploads\/2023\/10\/IMG-20191210-WA0005-498x1024.jpg\" alt=\"\" class=\"wp-image-511\" srcset=\"https:\/\/ilusionennavidad.es\/wp-content\/uploads\/2023\/10\/IMG-20191210-WA0005-498x1024.jpg 498w, https:\/\/ilusionennavidad.es\/wp-content\/uploads\/2023\/10\/IMG-20191210-WA0005-146x300.jpg 146w, https:\/\/ilusionennavidad.es\/wp-content\/uploads\/2023\/10\/IMG-20191210-WA0005-39x80.jpg 39w, https:\/\/ilusionennavidad.es\/wp-content\/uploads\/2023\/10\/IMG-20191210-WA0005.jpg 640w\" sizes=\"auto, (max-width: 498px) 100vw, 498px\" \/><\/figure>\n\n\n\n<figure class=\"wp-block-image size-large\"><img loading=\"lazy\" decoding=\"async\" width=\"268\" height=\"532\" data-id=\"512\" src=\"https:\/\/ilusionennavidad.es\/wp-content\/uploads\/2023\/10\/IMG_20191210_224108.jpg\" alt=\"\" class=\"wp-image-512\" srcset=\"https:\/\/ilusionennavidad.es\/wp-content\/uploads\/2023\/10\/IMG_20191210_224108.jpg 268w, https:\/\/ilusionennavidad.es\/wp-content\/uploads\/2023\/10\/IMG_20191210_224108-151x300.jpg 151w, https:\/\/ilusionennavidad.es\/wp-content\/uploads\/2023\/10\/IMG_20191210_224108-40x80.jpg 40w\" sizes=\"auto, (max-width: 268px) 100vw, 268px\" \/><\/figure>\n\n\n\n<figure class=\"wp-block-image size-large\"><img loading=\"lazy\" decoding=\"async\" width=\"696\" height=\"1024\" data-id=\"536\" src=\"https:\/\/ilusionennavidad.es\/wp-content\/uploads\/2023\/10\/IMG_20231002_193936-e1696272256840-696x1024.jpg\" alt=\"\" class=\"wp-image-536\" style=\"aspect-ratio:16\/9;object-fit:cover\" srcset=\"https:\/\/ilusionennavidad.es\/wp-content\/uploads\/2023\/10\/IMG_20231002_193936-e1696272256840-696x1024.jpg 696w, https:\/\/ilusionennavidad.es\/wp-content\/uploads\/2023\/10\/IMG_20231002_193936-e1696272256840-204x300.jpg 204w, https:\/\/ilusionennavidad.es\/wp-content\/uploads\/2023\/10\/IMG_20231002_193936-e1696272256840-768x1130.jpg 768w, https:\/\/ilusionennavidad.es\/wp-content\/uploads\/2023\/10\/IMG_20231002_193936-e1696272256840-54x80.jpg 54w, https:\/\/ilusionennavidad.es\/wp-content\/uploads\/2023\/10\/IMG_20231002_193936-e1696272256840.jpg 797w\" sizes=\"auto, (max-width: 696px) 100vw, 696px\" \/><\/figure>\n\n\n\n<figure class=\"wp-block-image size-large\"><img loading=\"lazy\" decoding=\"async\" width=\"387\" height=\"1024\" data-id=\"518\" src=\"https:\/\/ilusionennavidad.es\/wp-content\/uploads\/2023\/10\/IMG_20191210_224153-387x1024.jpg\" alt=\"\" class=\"wp-image-518\" srcset=\"https:\/\/ilusionennavidad.es\/wp-content\/uploads\/2023\/10\/IMG_20191210_224153-387x1024.jpg 387w, https:\/\/ilusionennavidad.es\/wp-content\/uploads\/2023\/10\/IMG_20191210_224153-113x300.jpg 113w, https:\/\/ilusionennavidad.es\/wp-content\/uploads\/2023\/10\/IMG_20191210_224153-30x80.jpg 30w, https:\/\/ilusionennavidad.es\/wp-content\/uploads\/2023\/10\/IMG_20191210_224153.jpg 418w\" sizes=\"auto, (max-width: 387px) 100vw, 387px\" \/><\/figure>\n\n\n\n<figure class=\"wp-block-image size-large\"><img loading=\"lazy\" decoding=\"async\" width=\"492\" height=\"1024\" data-id=\"520\" src=\"https:\/\/ilusionennavidad.es\/wp-content\/uploads\/2023\/10\/IMG-20191228-WA0007-492x1024.jpg\" alt=\"\" class=\"wp-image-520\" srcset=\"https:\/\/ilusionennavidad.es\/wp-content\/uploads\/2023\/10\/IMG-20191228-WA0007-492x1024.jpg 492w, https:\/\/ilusionennavidad.es\/wp-content\/uploads\/2023\/10\/IMG-20191228-WA0007-144x300.jpg 144w, https:\/\/ilusionennavidad.es\/wp-content\/uploads\/2023\/10\/IMG-20191228-WA0007-768x1597.jpg 768w, https:\/\/ilusionennavidad.es\/wp-content\/uploads\/2023\/10\/IMG-20191228-WA0007-739x1536.jpg 739w, https:\/\/ilusionennavidad.es\/wp-content\/uploads\/2023\/10\/IMG-20191228-WA0007-38x80.jpg 38w, https:\/\/ilusionennavidad.es\/wp-content\/uploads\/2023\/10\/IMG-20191228-WA0007.jpg 832w\" sizes=\"auto, (max-width: 492px) 100vw, 492px\" \/><\/figure>\n\n\n\n<figure class=\"wp-block-image size-large\"><img loading=\"lazy\" decoding=\"async\" width=\"720\" height=\"536\" data-id=\"508\" src=\"https:\/\/ilusionennavidad.es\/wp-content\/uploads\/2023\/10\/FB_IMG_1640625723199.jpg\" alt=\"\" class=\"wp-image-508\" srcset=\"https:\/\/ilusionennavidad.es\/wp-content\/uploads\/2023\/10\/FB_IMG_1640625723199.jpg 720w, https:\/\/ilusionennavidad.es\/wp-content\/uploads\/2023\/10\/FB_IMG_1640625723199-300x223.jpg 300w, https:\/\/ilusionennavidad.es\/wp-content\/uploads\/2023\/10\/FB_IMG_1640625723199-80x60.jpg 80w\" sizes=\"auto, (max-width: 720px) 100vw, 720px\" \/><\/figure>\n\n\n\n<figure class=\"wp-block-image size-large\"><img loading=\"lazy\" decoding=\"async\" width=\"576\" height=\"1024\" data-id=\"517\" src=\"https:\/\/ilusionennavidad.es\/wp-content\/uploads\/2023\/10\/IMG-20201026-WA0014-576x1024.jpg\" alt=\"\" class=\"wp-image-517\" style=\"aspect-ratio:1;object-fit:contain\" srcset=\"https:\/\/ilusionennavidad.es\/wp-content\/uploads\/2023\/10\/IMG-20201026-WA0014-576x1024.jpg 576w, https:\/\/ilusionennavidad.es\/wp-content\/uploads\/2023\/10\/IMG-20201026-WA0014-169x300.jpg 169w, https:\/\/ilusionennavidad.es\/wp-content\/uploads\/2023\/10\/IMG-20201026-WA0014-45x80.jpg 45w, https:\/\/ilusionennavidad.es\/wp-content\/uploads\/2023\/10\/IMG-20201026-WA0014.jpg 747w\" sizes=\"auto, (max-width: 576px) 100vw, 576px\" \/><\/figure>\n<\/figure>\n","protected":false},"excerpt":{"rendered":"<p>Casi finalizando las vacaciones de Navidad, la ilusi\u00f3n vuelve a apoderarse de nuestros corazones con la llegada de los Reyes Magos de Oriente. Melchor, Gaspar y Baltasar est\u00e1n listos para recorrer cada rinc\u00f3n, cargados de regalos y sorpresas, rumbo a tus casas. Este a\u00f1o, nuestros &hellip; <a href=\"https:\/\/ilusionennavidad.es\/?page_id=61\" class=\"more-link\"><span>Seguir leyendo<span class=\"screen-reader-text\">Reyes Magos<\/span><\/span><\/a><\/p>\n","protected":false},"author":1,"featured_media":0,"parent":0,"menu_order":0,"comment_status":"closed","ping_status":"closed","template":"","meta":{"_price":"","_stock":"","_tribe_ticket_header":"","_tribe_default_ticket_provider":"","_tribe_ticket_capacity":"0","_ticket_start_date":"","_ticket_end_date":"","_tribe_ticket_show_description":"","_tribe_ticket_show_not_going":false,"_tribe_ticket_use_global_stock":"","_tribe_ticket_global_stock_level":"","_global_stock_mode":"","_global_stock_cap":"","_tribe_rsvp_for_event":"","_tribe_ticket_going_count":"","_tribe_ticket_not_going_count":"","_tribe_tickets_list":"[]","_tribe_ticket_has_attendee_info_fields":false,"footnotes":"","_tec_slr_enabled":"","_tec_slr_layout":""},"class_list":["post-61","page","type-page","status-publish","hentry"],"ticketed":false,"_links":{"self":[{"href":"https:\/\/ilusionennavidad.es\/index.php?rest_route=\/wp\/v2\/pages\/61","targetHints":{"allow":["GET"]}}],"collection":[{"href":"https:\/\/ilusionennavidad.es\/index.php?rest_route=\/wp\/v2\/pages"}],"about":[{"href":"https:\/\/ilusionennavidad.es\/index.php?rest_route=\/wp\/v2\/types\/page"}],"author":[{"embeddable":true,"href":"https:\/\/ilusionennavidad.es\/index.php?rest_route=\/wp\/v2\/users\/1"}],"replies":[{"embeddable":true,"href":"https:\/\/ilusionennavidad.es\/index.php?rest_route=%2Fwp%2Fv2%2Fcomments&post=61"}],"version-history":[{"count":41,"href":"https:\/\/ilusionennavidad.es\/index.php?rest_route=\/wp\/v2\/pages\/61\/revisions"}],"predecessor-version":[{"id":625,"href":"https:\/\/ilusionennavidad.es\/index.php?rest_route=\/wp\/v2\/pages\/61\/revisions\/625"}],"wp:attachment":[{"href":"https:\/\/ilusionennavidad.es\/index.php?rest_route=%2Fwp%2Fv2%2Fmedia&parent=61"}],"curies":[{"name":"wp","href":"https:\/\/api.w.org\/{rel}","templated":true}]}}